{"id":972,"date":"2020-12-14T17:55:41","date_gmt":"2020-12-14T20:55:41","guid":{"rendered":"http:\/\/teste-r2s2.tech\/radarpag\/?page_id=972"},"modified":"2021-01-21T13:27:20","modified_gmt":"2021-01-21T16:27:20","slug":"contato","status":"publish","type":"page","link":"https:\/\/teste-r2s2.tech\/radarpag\/contato\/","title":{"rendered":"Contato"},"content":{"rendered":"\t\t<div data-elementor-type=\"wp-page\" data-elementor-id=\"972\" class=\"elementor elementor-972\" data-elementor-settings=\"[]\">\n\t\t\t\t\t\t<div class=\"elementor-inner\">\n\t\t\t\t\t\t\t<div class=\"elementor-section-wrap\">\n\t\t\t\t\t\t\t<section class=\"elementor-section elementor-top-section elementor-element elementor-element-5cc389e elementor-section-boxed elementor-section-height-default elementor-section-height-default\" data-id=\"5cc389e\" data-element_type=\"section\">\n\t\t\t\t\t\t<div class=\"elementor-container elementor-column-gap-default\">\n\t\t\t\t\t\t\t<div class=\"elementor-row\">\n\t\t\t\t\t<div class=\"elementor-column elementor-col-100 elementor-top-column elementor-element elementor-element-b600a13\" data-id=\"b600a13\" data-element_type=\"column\">\n\t\t\t<div class=\"elementor-column-wrap elementor-element-populated\">\n\t\t\t\t\t\t\t<div class=\"elementor-widget-wrap\">\n\t\t\t\t\t\t<div class=\"elementor-element elementor-element-5d1a5b6 elementor-widget elementor-widget-heading\" data-id=\"5d1a5b6\" data-element_type=\"widget\" data-widget_type=\"heading.default\">\n\t\t\t\t<div class=\"elementor-widget-container\">\n\t\t\t<h2 class=\"elementor-heading-title elementor-size-xl\">Contato<\/h2>\t\t<\/div>\n\t\t\t\t<\/div>\n\t\t\t\t<div class=\"elementor-element elementor-element-8b41dbd elementor-widget elementor-widget-text-editor\" data-id=\"8b41dbd\" data-element_type=\"widget\" data-widget_type=\"text-editor.default\">\n\t\t\t\t<div class=\"elementor-widget-container\">\n\t\t\t\t\t<div class=\"elementor-text-editor elementor-clearfix\"><p>Voc\u00ea pode nos contatar pelo e-mail contato@radarpag.com.br para os seguintes temas:<\/p><ul><li>Inclus\u00e3o de conte\u00fado relacionado ao mercado de pagamentos<\/li><li>Parceria para divulga\u00e7\u00e3o de produtos e servi\u00e7os<\/li><li>Divulgar seu evento relacionado ao mercado de pagamentos<\/li><li>Inclus\u00e3o de sua empresa na se\u00e7\u00e3o B2B<\/li><li>Patroc\u00ednio<\/li><li>Reportar falhas em nosso site<\/li><li>Remo\u00e7\u00e3o de links ou conte\u00fado<\/li><\/ul><\/div>\n\t\t\t\t<\/div>\n\t\t\t\t<\/div>\n\t\t\t\t\t\t<\/div>\n\t\t\t\t\t<\/div>\n\t\t<\/div>\n\t\t\t\t\t\t\t\t<\/div>\n\t\t\t\t\t<\/div>\n\t\t<\/section>\n\t\t\t\t\t\t<\/div>\n\t\t\t\t\t\t<\/div>\n\t\t\t\t\t<\/div>\n\t\t","protected":false},"excerpt":{"rendered":"<p>Contato Voc\u00ea pode nos contatar pelo e-mail contato@radarpag.com.br para os seguintes temas: Inclus\u00e3o de conte\u00fado relacionado ao mercado de pagamentos<\/p>\n","protected":false},"author":1,"featured_media":0,"parent":0,"menu_order":0,"comment_status":"closed","ping_status":"closed","template":"","meta":[],"_links":{"self":[{"href":"https:\/\/teste-r2s2.tech\/radarpag\/wp-json\/wp\/v2\/pages\/972"}],"collection":[{"href":"https:\/\/teste-r2s2.tech\/radarpag\/wp-json\/wp\/v2\/pages"}],"about":[{"href":"https:\/\/teste-r2s2.tech\/radarpag\/wp-json\/wp\/v2\/types\/page"}],"author":[{"embeddable":true,"href":"https:\/\/teste-r2s2.tech\/radarpag\/wp-json\/wp\/v2\/users\/1"}],"replies":[{"embeddable":true,"href":"https:\/\/teste-r2s2.tech\/radarpag\/wp-json\/wp\/v2\/comments?post=972"}],"version-history":[{"count":13,"href":"https:\/\/teste-r2s2.tech\/radarpag\/wp-json\/wp\/v2\/pages\/972\/revisions"}],"predecessor-version":[{"id":3480,"href":"https:\/\/teste-r2s2.tech\/radarpag\/wp-json\/wp\/v2\/pages\/972\/revisions\/3480"}],"wp:attachment":[{"href":"https:\/\/teste-r2s2.tech\/radarpag\/wp-json\/wp\/v2\/media?parent=972"}],"curies":[{"name":"wp","href":"https:\/\/api.w.org\/{rel}","templated":true}]}}