{"id":976,"date":"2020-12-14T17:58:26","date_gmt":"2020-12-14T20:58:26","guid":{"rendered":"http:\/\/teste-r2s2.tech\/radarpag\/?page_id=976"},"modified":"2021-01-20T23:55:52","modified_gmt":"2021-01-21T02:55:52","slug":"sobre-nos","status":"publish","type":"page","link":"https:\/\/teste-r2s2.tech\/radarpag\/sobre-nos\/","title":{"rendered":"Sobre n\u00f3s"},"content":{"rendered":"\t\t<div data-elementor-type=\"wp-page\" data-elementor-id=\"976\" class=\"elementor elementor-976\" data-elementor-settings=\"[]\">\n\t\t\t\t\t\t<div class=\"elementor-inner\">\n\t\t\t\t\t\t\t<div class=\"elementor-section-wrap\">\n\t\t\t\t\t\t\t<section class=\"elementor-section elementor-top-section elementor-element elementor-element-1a6ce38 elementor-section-boxed elementor-section-height-default elementor-section-height-default\" data-id=\"1a6ce38\" data-element_type=\"section\">\n\t\t\t\t\t\t<div class=\"elementor-container elementor-column-gap-default\">\n\t\t\t\t\t\t\t<div class=\"elementor-row\">\n\t\t\t\t\t<div class=\"elementor-column elementor-col-100 elementor-top-column elementor-element elementor-element-731e545\" data-id=\"731e545\" data-element_type=\"column\">\n\t\t\t<div class=\"elementor-column-wrap elementor-element-populated\">\n\t\t\t\t\t\t\t<div class=\"elementor-widget-wrap\">\n\t\t\t\t\t\t<div class=\"elementor-element elementor-element-708bf63 elementor-widget elementor-widget-heading\" data-id=\"708bf63\" data-element_type=\"widget\" data-widget_type=\"heading.default\">\n\t\t\t\t<div class=\"elementor-widget-container\">\n\t\t\t<h2 class=\"elementor-heading-title elementor-size-xl\">Prop\u00f3sito<\/h2>\t\t<\/div>\n\t\t\t\t<\/div>\n\t\t\t\t<div class=\"elementor-element elementor-element-3c5e7e7 elementor-widget elementor-widget-text-editor\" data-id=\"3c5e7e7\" data-element_type=\"widget\" data-widget_type=\"text-editor.default\">\n\t\t\t\t<div class=\"elementor-widget-container\">\n\t\t\t\t\t<div class=\"elementor-text-editor elementor-clearfix\"><p>Este site existe com o prop\u00f3sito de centralizar e organizar links para informa\u00e7\u00f5es relevantes aos participantes do mercado de servi\u00e7os financeiros.<\/p><p>Trabalhando com consultoria percebemos que existem muitas informa\u00e7\u00f5es preciosas dispon\u00edveis gratuitamente e espalhadas pela internet. No entanto, as vezes, perde-se muito tempo procurando algo que deveria ser simples de encontrar.<\/p><p>Ent\u00e3o essa \u00e9 a nossa contribui\u00e7\u00e3o para que voc\u00ea poupe seu tempo buscando algo importante, seja uma not\u00edcia do segmento, um estudo de mercado, uma norma, uma vaga de emprego ou o contato de um fornecedor.<\/p><\/div>\n\t\t\t\t<\/div>\n\t\t\t\t<\/div>\n\t\t\t\t\t\t<\/div>\n\t\t\t\t\t<\/div>\n\t\t<\/div>\n\t\t\t\t\t\t\t\t<\/div>\n\t\t\t\t\t<\/div>\n\t\t<\/section>\n\t\t\t\t<section class=\"elementor-section elementor-top-section elementor-element elementor-element-9a1e157 elementor-section-boxed elementor-section-height-default elementor-section-height-default\" data-id=\"9a1e157\" data-element_type=\"section\">\n\t\t\t\t\t\t<div class=\"elementor-container elementor-column-gap-default\">\n\t\t\t\t\t\t\t<div class=\"elementor-row\">\n\t\t\t\t\t<div class=\"elementor-column elementor-col-100 elementor-top-column elementor-element elementor-element-6213f91\" data-id=\"6213f91\" data-element_type=\"column\">\n\t\t\t<div class=\"elementor-column-wrap elementor-element-populated\">\n\t\t\t\t\t\t\t<div class=\"elementor-widget-wrap\">\n\t\t\t\t\t\t<div class=\"elementor-element elementor-element-6d90a91 elementor-widget elementor-widget-heading\" data-id=\"6d90a91\" data-element_type=\"widget\" data-widget_type=\"heading.default\">\n\t\t\t\t<div class=\"elementor-widget-container\">\n\t\t\t<h2 class=\"elementor-heading-title elementor-size-xl\">Quem somos<\/h2>\t\t<\/div>\n\t\t\t\t<\/div>\n\t\t\t\t<section class=\"elementor-section elementor-inner-section elementor-element elementor-element-194d8dc elementor-section-boxed elementor-section-height-default elementor-section-height-default\" data-id=\"194d8dc\" data-element_type=\"section\">\n\t\t\t\t\t\t<div class=\"elementor-container elementor-column-gap-default\">\n\t\t\t\t\t\t\t<div class=\"elementor-row\">\n\t\t\t\t\t<div class=\"elementor-column elementor-col-50 elementor-inner-column elementor-element elementor-element-96a0bdd\" data-id=\"96a0bdd\" data-element_type=\"column\">\n\t\t\t<div class=\"elementor-column-wrap elementor-element-populated\">\n\t\t\t\t\t\t\t<div class=\"elementor-widget-wrap\">\n\t\t\t\t\t\t<div class=\"elementor-element elementor-element-2df7ef5 elementor-widget elementor-widget-image\" data-id=\"2df7ef5\" data-element_type=\"widget\" data-widget_type=\"image.default\">\n\t\t\t\t<div class=\"elementor-widget-container\">\n\t\t\t\t\t<div class=\"elementor-image\">\n\t\t\t\t\t\t\t\t\t\t<img width=\"300\" height=\"300\" src=\"https:\/\/teste-r2s2.tech\/radarpag\/wp-content\/uploads\/2021\/01\/foto_RS-300x300.jpg\" class=\"attachment-medium size-medium\" alt=\"\" loading=\"lazy\" srcset=\"https:\/\/teste-r2s2.tech\/radarpag\/wp-content\/uploads\/2021\/01\/foto_RS-300x300.jpg 300w, https:\/\/teste-r2s2.tech\/radarpag\/wp-content\/uploads\/2021\/01\/foto_RS-150x150.jpg 150w, https:\/\/teste-r2s2.tech\/radarpag\/wp-content\/uploads\/2021\/01\/foto_RS.jpg 400w\" sizes=\"(max-width: 300px) 100vw, 300px\" \/>\t\t\t\t\t\t\t\t\t\t\t<\/div>\n\t\t\t\t<\/div>\n\t\t\t\t<\/div>\n\t\t\t\t<div class=\"elementor-element elementor-element-f306244 quem-somos-nome elementor-widget elementor-widget-text-editor\" data-id=\"f306244\" data-element_type=\"widget\" data-widget_type=\"text-editor.default\">\n\t\t\t\t<div class=\"elementor-widget-container\">\n\t\t\t\t\t<div class=\"elementor-text-editor elementor-clearfix\"><p><strong>Ricardo Suda<\/strong><\/p><\/div>\n\t\t\t\t<\/div>\n\t\t\t\t<\/div>\n\t\t\t\t<div class=\"elementor-element elementor-element-d81472b elementor-widget elementor-widget-html\" data-id=\"d81472b\" data-element_type=\"widget\" data-widget_type=\"html.default\">\n\t\t\t\t<div class=\"elementor-widget-container\">\n\t\t\t<a href=\"https:\/\/www.linkedin.com\/in\/ricardosuda\/\" target=\"_blank\"><i class=\"fa fa-linkedin\"><\/i><\/a>\t\t<\/div>\n\t\t\t\t<\/div>\n\t\t\t\t<div class=\"elementor-element elementor-element-e2bbeac elementor-widget elementor-widget-text-editor\" data-id=\"e2bbeac\" data-element_type=\"widget\" data-widget_type=\"text-editor.default\">\n\t\t\t\t<div class=\"elementor-widget-container\">\n\t\t\t\t\t<div class=\"elementor-text-editor elementor-clearfix\"><ul><li>18+ anos em servi\u00e7os financeiros<\/li><li>Ex-Superintendente Executivo do Bradesco Cart\u00f5es e ex-Gerente American Express (LA&amp;C)<\/li><li>Carreira em <em>Business Intelligence<\/em>, Modelagem Financeira, Planejamento Estrat\u00e9gico, Gest\u00e3o de P&amp;L e Consultoria em Meios de Pagamento<\/li><li>Experi\u00eancia em M&amp;A, Governan\u00e7a Corporativa, <em>Pricing<\/em>, <em>Data Science<\/em> (Python), Gest\u00e3o de Projetos e Novos Neg\u00f3cios<\/li><li>Gradua\u00e7\u00e3o em Engenharia Civil (POLI\/USP)<\/li><li>P\u00f3s gradua\u00e7\u00e3o em Administra\u00e7\u00e3o de Empresas e Finan\u00e7as (EAESP\/FGV)<\/li><li>MBA em Gest\u00e3o Financeira, Controladoria e Auditoria (ALPHASTRONG\/FGV)<\/li><\/ul><\/div>\n\t\t\t\t<\/div>\n\t\t\t\t<\/div>\n\t\t\t\t<div class=\"elementor-element elementor-element-a214dcc elementor-widget elementor-widget-text-editor\" data-id=\"a214dcc\" data-element_type=\"widget\" data-widget_type=\"text-editor.default\">\n\t\t\t\t<div class=\"elementor-widget-container\">\n\t\t\t\t\t<div class=\"elementor-text-editor elementor-clearfix\"><p>PROJETOS (SERVI\u00c7OS FINANCEIROS)<\/p><p>Bradesco Cart\u00f5es \/ Banco Daycoval \/ Banco Votorantim \/ Grupo Banese \/ American Express \/ Bandeira Elo \/ Mercado Pago \/ Integral Trust \/ Edenred \/ Cielo \/ Alelo \/ Fintechs<\/p><\/div>\n\t\t\t\t<\/div>\n\t\t\t\t<\/div>\n\t\t\t\t\t\t<\/div>\n\t\t\t\t\t<\/div>\n\t\t<\/div>\n\t\t\t\t<div class=\"elementor-column elementor-col-50 elementor-inner-column elementor-element elementor-element-728d7bf\" data-id=\"728d7bf\" data-element_type=\"column\">\n\t\t\t<div class=\"elementor-column-wrap elementor-element-populated\">\n\t\t\t\t\t\t\t<div class=\"elementor-widget-wrap\">\n\t\t\t\t\t\t<div class=\"elementor-element elementor-element-d112fdb elementor-widget elementor-widget-image\" data-id=\"d112fdb\" data-element_type=\"widget\" data-widget_type=\"image.default\">\n\t\t\t\t<div class=\"elementor-widget-container\">\n\t\t\t\t\t<div class=\"elementor-image\">\n\t\t\t\t\t\t\t\t\t\t<img width=\"300\" height=\"300\" src=\"https:\/\/teste-r2s2.tech\/radarpag\/wp-content\/uploads\/2021\/01\/foto_RB-300x300.jpg\" class=\"attachment-medium size-medium\" alt=\"\" loading=\"lazy\" srcset=\"https:\/\/teste-r2s2.tech\/radarpag\/wp-content\/uploads\/2021\/01\/foto_RB-300x300.jpg 300w, https:\/\/teste-r2s2.tech\/radarpag\/wp-content\/uploads\/2021\/01\/foto_RB-150x150.jpg 150w, https:\/\/teste-r2s2.tech\/radarpag\/wp-content\/uploads\/2021\/01\/foto_RB.jpg 400w\" sizes=\"(max-width: 300px) 100vw, 300px\" \/>\t\t\t\t\t\t\t\t\t\t\t<\/div>\n\t\t\t\t<\/div>\n\t\t\t\t<\/div>\n\t\t\t\t<div class=\"elementor-element elementor-element-8eadf32 quem-somos-nome elementor-widget elementor-widget-text-editor\" data-id=\"8eadf32\" data-element_type=\"widget\" data-widget_type=\"text-editor.default\">\n\t\t\t\t<div class=\"elementor-widget-container\">\n\t\t\t\t\t<div class=\"elementor-text-editor elementor-clearfix\"><p><strong>Renata Butkeraitis<\/strong><\/p><\/div>\n\t\t\t\t<\/div>\n\t\t\t\t<\/div>\n\t\t\t\t<div class=\"elementor-element elementor-element-c1de24c elementor-widget elementor-widget-html\" data-id=\"c1de24c\" data-element_type=\"widget\" data-widget_type=\"html.default\">\n\t\t\t\t<div class=\"elementor-widget-container\">\n\t\t\t<a href=\"https:\/\/www.linkedin.com\/in\/renata-butkeraitis-570180\/\" target=\"_blank\"><i class=\"fa fa-linkedin\"><\/i><\/a>\t\t<\/div>\n\t\t\t\t<\/div>\n\t\t\t\t<div class=\"elementor-element elementor-element-8a751c8 elementor-widget elementor-widget-text-editor\" data-id=\"8a751c8\" data-element_type=\"widget\" data-widget_type=\"text-editor.default\">\n\t\t\t\t<div class=\"elementor-widget-container\">\n\t\t\t\t\t<div class=\"elementor-text-editor elementor-clearfix\"><ul><li>6+ anos em Consultoria Empresarial, Mercado de Pagamentos e TI<\/li><li>Experi\u00eancia em Gest\u00e3o de Projetos, Planejamento Estrat\u00e9gico, Gest\u00e3o de Produtos e <em>Data Science<\/em> (Python)<\/li><li>Desenvolvedora Mobile e Website<\/li><li>Gradua\u00e7\u00e3o em Engenharia Civil (POLI\/USP)<\/li><li>Mestrado em Engenharia Civil (POLI\/USP)<\/li><li>P\u00f3s gradua\u00e7\u00e3o em Administra\u00e7\u00e3o de Empresas (EAESP\/FGV)<\/li><li><em>Bootcamp<\/em> em desenvolvimento de software<\/li><\/ul><\/div>\n\t\t\t\t<\/div>\n\t\t\t\t<\/div>\n\t\t\t\t<div class=\"elementor-element elementor-element-80170a5 elementor-widget elementor-widget-text-editor\" data-id=\"80170a5\" data-element_type=\"widget\" data-widget_type=\"text-editor.default\">\n\t\t\t\t<div class=\"elementor-widget-container\">\n\t\t\t\t\t<div class=\"elementor-text-editor elementor-clearfix\"><p>PROJETOS (SERVI\u00c7OS FINANCEIROS)<\/p><p>Edenred \/ Mercado Pago \/ amelhormaquininha.com.br \/ Fintechs \/ Radarpag<\/p><\/div>\n\t\t\t\t<\/div>\n\t\t\t\t<\/div>\n\t\t\t\t<div class=\"elementor-element elementor-element-a067c30 elementor-widget elementor-widget-text-editor\" data-id=\"a067c30\" data-element_type=\"widget\" data-widget_type=\"text-editor.default\">\n\t\t\t\t<div class=\"elementor-widget-container\">\n\t\t\t\t\t<div class=\"elementor-text-editor elementor-clearfix\"><p>PROJETOS (DESENVOLVIMENTO TI)<\/p><p>agendadovinho.com.br \/ Minha Adega (app) \/ TUSS (app) \/ CID (app) \/ Matem\u00e1tica (app)<\/p><\/div>\n\t\t\t\t<\/div>\n\t\t\t\t<\/div>\n\t\t\t\t\t\t<\/div>\n\t\t\t\t\t<\/div>\n\t\t<\/div>\n\t\t\t\t\t\t\t\t<\/div>\n\t\t\t\t\t<\/div>\n\t\t<\/section>\n\t\t\t\t\t\t<\/div>\n\t\t\t\t\t<\/div>\n\t\t<\/div>\n\t\t\t\t\t\t\t\t<\/div>\n\t\t\t\t\t<\/div>\n\t\t<\/section>\n\t\t\t\t<section class=\"elementor-section elementor-top-section elementor-element elementor-element-326c865 elementor-section-boxed elementor-section-height-default elementor-section-height-default\" data-id=\"326c865\" data-element_type=\"section\">\n\t\t\t\t\t\t<div class=\"elementor-container elementor-column-gap-default\">\n\t\t\t\t\t\t\t<div class=\"elementor-row\">\n\t\t\t\t\t<div class=\"elementor-column elementor-col-100 elementor-top-column elementor-element elementor-element-08dbb8a\" data-id=\"08dbb8a\" data-element_type=\"column\">\n\t\t\t<div class=\"elementor-column-wrap elementor-element-populated\">\n\t\t\t\t\t\t\t<div class=\"elementor-widget-wrap\">\n\t\t\t\t\t\t<div class=\"elementor-element elementor-element-5e461cc elementor-widget elementor-widget-heading\" data-id=\"5e461cc\" data-element_type=\"widget\" data-widget_type=\"heading.default\">\n\t\t\t\t<div class=\"elementor-widget-container\">\n\t\t\t<h2 class=\"elementor-heading-title elementor-size-xl\">Fale conosco<\/h2>\t\t<\/div>\n\t\t\t\t<\/div>\n\t\t\t\t<div class=\"elementor-element elementor-element-62cec46 elementor-widget elementor-widget-text-editor\" data-id=\"62cec46\" data-element_type=\"widget\" data-widget_type=\"text-editor.default\">\n\t\t\t\t<div class=\"elementor-widget-container\">\n\t\t\t\t\t<div class=\"elementor-text-editor elementor-clearfix\"><p>N\u00f3s nos esfor\u00e7amos para que todos os links estejam funcionando corretamente. Caso encontre alguma falha, voc\u00ea pode reportar um erro pelo e-mail contato@radarpag.com.br. N\u00e3o nos responsabilizamos por conte\u00fado de terceiros.<\/p><p>Caso queira compartilhar algum conte\u00fado relacionado ao mercado de servi\u00e7os financeiros, patrocinar nosso site, listar seu contato comercial em nosso site ou informar sobre algum evento, envie para contato@radarpag.com.br.<\/p><p>\u00a0<\/p><\/div>\n\t\t\t\t<\/div>\n\t\t\t\t<\/div>\n\t\t\t\t\t\t<\/div>\n\t\t\t\t\t<\/div>\n\t\t<\/div>\n\t\t\t\t\t\t\t\t<\/div>\n\t\t\t\t\t<\/div>\n\t\t<\/section>\n\t\t\t\t\t\t<\/div>\n\t\t\t\t\t\t<\/div>\n\t\t\t\t\t<\/div>\n\t\t","protected":false},"excerpt":{"rendered":"<p>Prop\u00f3sito Este site existe com o prop\u00f3sito de centralizar e organizar links para informa\u00e7\u00f5es relevantes aos participantes do mercado de<\/p>\n","protected":false},"author":1,"featured_media":0,"parent":0,"menu_order":0,"comment_status":"closed","ping_status":"closed","template":"","meta":[],"_links":{"self":[{"href":"https:\/\/teste-r2s2.tech\/radarpag\/wp-json\/wp\/v2\/pages\/976"}],"collection":[{"href":"https:\/\/teste-r2s2.tech\/radarpag\/wp-json\/wp\/v2\/pages"}],"about":[{"href":"https:\/\/teste-r2s2.tech\/radarpag\/wp-json\/wp\/v2\/types\/page"}],"author":[{"embeddable":true,"href":"https:\/\/teste-r2s2.tech\/radarpag\/wp-json\/wp\/v2\/users\/1"}],"replies":[{"embeddable":true,"href":"https:\/\/teste-r2s2.tech\/radarpag\/wp-json\/wp\/v2\/comments?post=976"}],"version-history":[{"count":43,"href":"https:\/\/teste-r2s2.tech\/radarpag\/wp-json\/wp\/v2\/pages\/976\/revisions"}],"predecessor-version":[{"id":3343,"href":"https:\/\/teste-r2s2.tech\/radarpag\/wp-json\/wp\/v2\/pages\/976\/revisions\/3343"}],"wp:attachment":[{"href":"https:\/\/teste-r2s2.tech\/radarpag\/wp-json\/wp\/v2\/media?parent=976"}],"curies":[{"name":"wp","href":"https:\/\/api.w.org\/{rel}","templated":true}]}}